{"id":431,"date":"2014-04-27T09:49:40","date_gmt":"2014-04-27T09:49:40","guid":{"rendered":"http:\/\/milleniumlettrage.com\/fr\/?page_id=431"},"modified":"2025-08-25T17:13:03","modified_gmt":"2025-08-25T21:13:03","slug":"contact-page","status":"publish","type":"page","link":"https:\/\/milleniumlettrage.com\/fr\/contact-page\/","title":{"rendered":"Nous joindre"},"content":{"rendered":"<section class=\"section swatch-white-red  section-text-no-shadow section-inner-no-shadow section-normal section-opaque\"  data-label=\"\">\n    \n    <div class=\"background-overlay grid-overlay-0 \" style=\"background-color: rgba(0,0,0,0);\"><\/div>\n\n    <div class=\"container-fullwidth\">\n        <div class=\"row vertical-top\">\n            <div class=\"col-md-12     text-default small-screen-default\"  ><div id=\"masthead\" class=\"navbar navbar-static-top oxy-mega-menu navbar-sticky swatch-white-black underline text-caps\" role=\"banner\">\n    <div class=\"container\">\n\n        <div class=\"navbar-header\">\n            <button type=\"button\" class=\"navbar-toggle collapsed\" data-toggle=\"collapse\" data-target=\"#main-navbar\">\n                <span class=\"icon-bar\"><\/span>\n                <span class=\"icon-bar\"><\/span>\n                <span class=\"icon-bar\"><\/span>\n            <\/button>\n            <a href=\"https:\/\/milleniumlettrage.com\/fr\" class=\"navbar-brand\"><img decoding=\"async\" src=\"http:\/\/milleniumlettrage.com\/fr\/wp-content\/uploads\/2024\/06\/webMILLE-CONCEPT-MILLENIUM.png\" alt=\"Millenium-Mille Concepts\"\/><\/a>        <\/div>\n\n        <nav id=\"main-navbar\" class=\"collapse navbar-collapse\" role=\"navigation\">\n\n            <div class=\"menu-sidebar pull-right\">\n                            <\/div>\n\n            <div class=\"menu-one-page-container\"><ul id=\"menu-one-page\" class=\"nav navbar-nav navbar-right\"><li id=\"menu-item-898\" class=\"menu-item menu-item-type-post_type menu-item-object-page menu-item-home menu-item-898\"><a href=\"https:\/\/milleniumlettrage.com\/fr\/\">Accueil<\/a><\/li>\n<li id=\"menu-item-708\" class=\"menu-item menu-item-type-custom menu-item-object-custom menu-item-has-children menu-item-708 dropdown\"><a href=\"#\" data-toggle=\"dropdown\" class=\"dropdown-toggle\">Services<\/a><ul role=\"menu\" class=\"dropdown-menu\">\t<li id=\"menu-item-1117\" class=\"menu-item menu-item-type-post_type menu-item-object-oxy_service menu-item-has-children dropdown-submenu menu-item-1117 dropdown\"><a href=\"https:\/\/milleniumlettrage.com\/fr\/our-services\/impressions\/\">Impressions<\/a>\t<ul role=\"menu\" class=\"dropdown-menu\">\t\t<li id=\"menu-item-1118\" class=\"menu-item menu-item-type-post_type menu-item-object-oxy_service menu-item-1118\"><a href=\"https:\/\/milleniumlettrage.com\/fr\/our-services\/film-perfore\/\">Film perfor\u00e9<\/a><\/li>\n\t\t<li id=\"menu-item-1114\" class=\"menu-item menu-item-type-post_type menu-item-object-oxy_service menu-item-1114\"><a href=\"https:\/\/milleniumlettrage.com\/fr\/our-services\/impression-grand-format\/\">Grand format<\/a><\/li>\n\t\t<li id=\"menu-item-1115\" class=\"menu-item menu-item-type-post_type menu-item-object-oxy_service menu-item-1115\"><a href=\"https:\/\/milleniumlettrage.com\/fr\/our-services\/papeterie\/\">Papeterie<\/a><\/li>\n\t<\/ul>\n<\/li>\n\t<li id=\"menu-item-1113\" class=\"menu-item menu-item-type-post_type menu-item-object-oxy_service menu-item-has-children dropdown-submenu menu-item-1113 dropdown\"><a href=\"https:\/\/milleniumlettrage.com\/fr\/our-services\/lettrage\/\">Lettrage<\/a>\t<ul role=\"menu\" class=\"dropdown-menu\">\t\t<li id=\"menu-item-1156\" class=\"menu-item menu-item-type-post_type menu-item-object-oxy_service menu-item-1156\"><a href=\"https:\/\/milleniumlettrage.com\/fr\/our-services\/lettrage-de-vehicules\/\">Lettrage de v\u00e9hicules<\/a><\/li>\n\t\t<li id=\"menu-item-1112\" class=\"menu-item menu-item-type-post_type menu-item-object-oxy_service menu-item-1112\"><a href=\"https:\/\/milleniumlettrage.com\/fr\/our-services\/autocollant\/\">Autocollant<\/a><\/li>\n\t\t<li id=\"menu-item-1177\" class=\"menu-item menu-item-type-post_type menu-item-object-oxy_service menu-item-1177\"><a href=\"https:\/\/milleniumlettrage.com\/fr\/our-services\/affiches\/\">Affiches<\/a><\/li>\n\t<\/ul>\n<\/li>\n\t<li id=\"menu-item-1127\" class=\"menu-item menu-item-type-post_type menu-item-object-oxy_service menu-item-has-children dropdown-submenu menu-item-1127 dropdown\"><a href=\"https:\/\/milleniumlettrage.com\/fr\/our-services\/design\/\">Design &#038; Cr\u00e9ation<\/a>\t<ul role=\"menu\" class=\"dropdown-menu\">\t\t<li id=\"menu-item-1299\" class=\"menu-item menu-item-type-post_type menu-item-object-oxy_service menu-item-1299\"><a href=\"https:\/\/milleniumlettrage.com\/fr\/our-services\/concept\/\">Concept<\/a><\/li>\n\t\t<li id=\"menu-item-1304\" class=\"menu-item menu-item-type-post_type menu-item-object-oxy_service menu-item-1304\"><a href=\"https:\/\/milleniumlettrage.com\/fr\/our-services\/creation-de-logo\/\">Logo<\/a><\/li>\n\t\t<li id=\"menu-item-1116\" class=\"menu-item menu-item-type-post_type menu-item-object-oxy_service menu-item-1116\"><a href=\"https:\/\/milleniumlettrage.com\/fr\/our-services\/photographie\/\">Service de PHOTOGRAPHIE<\/a><\/li>\n\t<\/ul>\n<\/li>\n\t<li id=\"menu-item-1120\" class=\"menu-item menu-item-type-post_type menu-item-object-oxy_service menu-item-1120\"><a href=\"https:\/\/milleniumlettrage.com\/fr\/our-services\/ultra-flexible\/\">Cin\u00e9ma &#038; D\u00e9cors<\/a><\/li>\n<\/ul>\n<\/li>\n<li id=\"menu-item-897\" class=\"menu-item menu-item-type-post_type menu-item-object-page menu-item-897\"><a href=\"https:\/\/milleniumlettrage.com\/fr\/contact-page\/\">Nous joindre<\/a><\/li>\n<\/ul><\/div>\n        <\/nav>\n    <\/div>\n<\/div>\n<\/div>        <\/div>\n    <\/div>\n<\/section>\n<section class=\"section swatch-white  section-text-no-shadow section-inner-no-shadow section-normal section-opaque\"  data-label=\"\">\n    \n    <div class=\"background-overlay grid-overlay-0 \" style=\"background-color: rgba(255,255,255,0);\"><\/div>\n\n    <div class=\"container\">\n        <div class=\"row vertical-top\">\n            <div class=\"col-md-12     text-default small-screen-default\"  ><header class=\"text-center  element-normal-top element-medium-bottom not-condensed os-animation\" data-os-animation=\"fadeInUp\" data-os-animation-delay=\"0s\" >\n    <h1 class=\"super hairline bordered bordered-normal\" >\n        Nous joindre    <\/h1>\n    <\/header>\n<div class=\"row \"><div class=\"col-md-6     text-left small-screen-left os-animation\" data-os-animation=\"fadeInLeft\" data-os-animation-delay=\"0.3s\" ><div class=\" element-no-top element-short-bottom\" data-os-animation=\"none\" data-os-animation-delay=\"0s\">\n    <p>MILLENIUM LETTRAGE<\/p>\n<p>Si vous ne recevez pas de r\u00e9ponse dans les prochaines 24h<\/p>\n<p>Communiquez directement avec nous<\/p>\n<\/div><ul class=\"fa-ul lead  element-no-top element-medium-bottom\" data-os-animation=\"none\" data-os-animation-delay=\"0s\">\n    <li>\n            <i class=\"fa fa-li fa-home\" style=\"color:#0093d6;\">\n        <\/i>\n        3237 Cl\u00e9mence-Sabatt\u00e9, Chambly, QC, J3L 6Y5<\/li><li>\n            <i class=\"fa fa-li fa-phone\" style=\"color:#0093d6;\">\n        <\/i>\n        450.447.6207<\/li><li>\n            <i class=\"fa fa-li fa-globe\" style=\"color:#0093d6;\">\n        <\/i>\n        millenium@videotron.ca<\/li><\/ul><div class=\"element-short-top element-short-bottom\" data-os-animation=\"none\" data-os-animation-delay=\"0s\">\n        <ul class=\"social-icons social-lg social-background social-circle \">                <li>                    \n                    <a href=\"https:\/\/www.facebook.com\/milleniumlettrage\" target=\"_blank\" style=\"background-color:#0093d6;\" data-iconcolor=\"#3b5998\">\n                        <i class=\"fa fa-facebook\"><\/i>\n                    <\/a>\n                <\/li>    <\/ul>\n<\/div><\/div><div class=\"col-md-6     text-left small-screen-center os-animation\" data-os-animation=\"fadeInRight\" data-os-animation-delay=\"0.3s\" ><style id=\"wpforms-css-vars-1825\">\n\t\t\t\t#wpforms-1825 {\n\t\t\t\t--wpforms-container-padding: 0px;\n--wpforms-container-border-width: 1px;\n--wpforms-container-border-radius: 3px;\n--wpforms-background-color: rgba(0, 0, 0, 0);\n--wpforms-field-size-input-height: 43px;\n--wpforms-field-size-input-spacing: 15px;\n--wpforms-field-size-font-size: 16px;\n--wpforms-field-size-line-height: 19px;\n--wpforms-field-size-padding-h: 14px;\n--wpforms-field-size-checkbox-size: 16px;\n--wpforms-field-size-sublabel-spacing: 5px;\n--wpforms-field-size-icon-size: 1;\n--wpforms-label-size-font-size: 16px;\n--wpforms-label-size-line-height: 19px;\n--wpforms-label-size-sublabel-font-size: 14px;\n--wpforms-label-size-sublabel-line-height: 17px;\n--wpforms-button-size-font-size: 17px;\n--wpforms-button-size-height: 41px;\n--wpforms-button-size-padding-h: 15px;\n--wpforms-button-size-margin-top: 10px;\n--wpforms-container-shadow-size-box-shadow: none;\n\n\t\t\t}\n\t\t\t<\/style><div class=\"wpforms-container wpforms-container-full wpforms-render-modern\" id=\"wpforms-1825\"><form id=\"wpforms-form-1825\" class=\"wpforms-validate wpforms-form wpforms-ajax-form\" data-formid=\"1825\" method=\"post\" enctype=\"multipart\/form-data\" action=\"\/fr\/wp-json\/wp\/v2\/pages\/431\" data-token=\"e802aa2e307f6eb6bab1295bc6c65316\" data-token-time=\"1776567967\"><div class=\"wpforms-head-container\"><div class=\"wpforms-title\">Formulaire de contact<\/div><\/div><noscript class=\"wpforms-error-noscript\">Please enable JavaScript in your browser to complete this form.<\/noscript><div id=\"wpforms-error-noscript\" style=\"display: none;\">Please enable JavaScript in your browser to complete this form.<\/div><div class=\"wpforms-field-container\"><div id=\"wpforms-1825-field_1-container\" class=\"wpforms-field wpforms-field-name\" data-field-id=\"1\"><fieldset><legend class=\"wpforms-field-label\">Name <span class=\"wpforms-required-label\" aria-hidden=\"true\">*<\/span><\/legend><div class=\"wpforms-field-row wpforms-field-medium\"><div class=\"wpforms-field-row-block wpforms-first wpforms-one-half\"><input type=\"text\" id=\"wpforms-1825-field_1\" class=\"wpforms-field-name-first wpforms-field-required\" name=\"wpforms[fields][1][first]\" aria-errormessage=\"wpforms-1825-field_1-error\" required><label for=\"wpforms-1825-field_1\" class=\"wpforms-field-sublabel after\">First<\/label><\/div><div class=\"wpforms-field-row-block wpforms-one-half\"><input type=\"text\" id=\"wpforms-1825-field_1-last\" class=\"wpforms-field-name-last wpforms-field-required\" name=\"wpforms[fields][1][last]\" aria-errormessage=\"wpforms-1825-field_1-last-error\" required><label for=\"wpforms-1825-field_1-last\" class=\"wpforms-field-sublabel after\">Last<\/label><\/div><\/div><\/fieldset><\/div><div id=\"wpforms-1825-field_5-container\" class=\"wpforms-field wpforms-field-number\" data-field-id=\"5\"><label class=\"wpforms-field-label\" for=\"wpforms-1825-field_5\">Numbers<\/label><input type=\"number\" id=\"wpforms-1825-field_5\" class=\"wpforms-field-medium\" name=\"wpforms[fields][5]\" step=\"any\" aria-errormessage=\"wpforms-1825-field_5-error\" ><\/div><div id=\"wpforms-1825-field_2-container\" class=\"wpforms-field wpforms-field-email\" data-field-id=\"2\"><label class=\"wpforms-field-label\" for=\"wpforms-1825-field_2\">Email <span class=\"wpforms-required-label\" aria-hidden=\"true\">*<\/span><\/label><input type=\"email\" id=\"wpforms-1825-field_2\" class=\"wpforms-field-medium wpforms-field-required\" name=\"wpforms[fields][2]\" spellcheck=\"false\" aria-errormessage=\"wpforms-1825-field_2-error\" required><\/div>\t\t<div id=\"wpforms-1825-field_4-container\"\n\t\t\tclass=\"wpforms-field wpforms-field-text\"\n\t\t\tdata-field-type=\"text\"\n\t\t\tdata-field-id=\"4\"\n\t\t\t>\n\t\t\t<label class=\"wpforms-field-label\" for=\"wpforms-1825-field_4\" >Numbers Email Name<\/label>\n\t\t\t<input type=\"text\" id=\"wpforms-1825-field_4\" class=\"wpforms-field-medium\" name=\"wpforms[fields][4]\" >\n\t\t<\/div>\n\t\t<div id=\"wpforms-1825-field_3-container\" class=\"wpforms-field wpforms-field-textarea\" data-field-id=\"3\"><label class=\"wpforms-field-label\" for=\"wpforms-1825-field_3\">Comment or Message<\/label><textarea id=\"wpforms-1825-field_3\" class=\"wpforms-field-medium\" name=\"wpforms[fields][3]\" aria-errormessage=\"wpforms-1825-field_3-error\" ><\/textarea><\/div><script>\n\t\t\t\t( function() {\n\t\t\t\t\tconst style = document.createElement( 'style' );\n\t\t\t\t\tstyle.appendChild( document.createTextNode( '#wpforms-1825-field_4-container { position: absolute !important; overflow: hidden !important; display: inline !important; height: 1px !important; width: 1px !important; z-index: -1000 !important; padding: 0 !important; } #wpforms-1825-field_4-container input { visibility: hidden; } #wpforms-conversational-form-page #wpforms-1825-field_4-container label { counter-increment: none; }' ) );\n\t\t\t\t\tdocument.head.appendChild( style );\n\t\t\t\t\tdocument.currentScript?.remove();\n\t\t\t\t} )();\n\t\t\t<\/script><\/div><!-- .wpforms-field-container --><div class=\"wpforms-recaptcha-container wpforms-is-recaptcha wpforms-is-recaptcha-type-v2\" ><div class=\"g-recaptcha\" data-sitekey=\"6LcvS7IrAAAAAOxMfSM81z-QWm9vKKSi6SF-TZ9c\"><\/div><input type=\"text\" name=\"g-recaptcha-hidden\" class=\"wpforms-recaptcha-hidden\" style=\"position:absolute!important;clip:rect(0,0,0,0)!important;height:1px!important;width:1px!important;border:0!important;overflow:hidden!important;padding:0!important;margin:0!important;\" data-rule-recaptcha=\"1\"><\/div><div class=\"wpforms-submit-container\" ><input type=\"hidden\" name=\"wpforms[id]\" value=\"1825\"><input type=\"hidden\" name=\"page_title\" value=\"\"><input type=\"hidden\" name=\"page_url\" value=\"https:\/\/milleniumlettrage.com\/fr\/wp-json\/wp\/v2\/pages\/431\"><input type=\"hidden\" name=\"url_referer\" value=\"\"><button type=\"submit\" name=\"wpforms[submit]\" id=\"wpforms-submit-1825\" class=\"wpforms-submit\" data-alt-text=\"Envoyer\" data-submit-text=\"Envoyer\" aria-live=\"assertive\" value=\"wpforms-submit\">Envoyer<\/button><img loading=\"lazy\" decoding=\"async\" src=\"https:\/\/milleniumlettrage.com\/fr\/wp-content\/plugins\/wpforms-lite\/assets\/images\/submit-spin.svg\" class=\"wpforms-submit-spinner\" style=\"display: none;\" width=\"26\" height=\"26\" alt=\"Loading\"><\/div><\/form><\/div>  <!-- .wpforms-container --><div class=\"divider-wrapper\" style=\"visibility:hidden;background-color:\">\n    <div class=\"visible-xs\" style=\"height:24px;\"><\/div>\n    <div class=\"visible-sm\" style=\"height:24px;\"><\/div>\n    <div class=\"visible-md\" style=\"height:24px;\"><\/div>\n    <div class=\"visible-lg\" style=\"height:24px;\"><\/div>\n<\/div><\/div><\/div><\/div>        <\/div>\n    <\/div>\n<\/section>\n<section class=\"section swatch-dark-gray text-center section-text-shadow section-inner-shadow section-normal section-opaque\"  data-label=\"\">\n    \n    <div class=\"background-overlay grid-overlay-10 \" style=\"background-color: rgba(0,0,0,0);\"><\/div>\n\n    <div class=\"container\">\n        <div class=\"row vertical-top\">\n            <div class=\"col-md-9     text-default small-screen-default os-animation\" data-os-animation=\"fadeInLeft\" data-os-animation-delay=\"0s\" ><header class=\"text-center  element-normal-top element-normal-bottom not-condensed os-animation\" data-os-animation=\"fadeInLeft\" data-os-animation-delay=\"0s\" >\n    <h3 class=\"big light no-bordered-header bordered-normal\" >\n        Vous aimez ce que vous voyez ? Commen\u00e7ons \u00e0 travailler ensemble!    <\/h3>\n    <\/header>\n<\/div><div class=\"col-md-3     text-default small-screen-default\"  ><a href=\"http:\/\/milleniumlettrage.com\/fr\/\" class=\"btn btn-info btn-lg    element-normal-top element-normal-bottom os-animation\" target= \"_self\" data-os-animation=\"fadeInRight\" data-os-animation-delay=\"0.3s \"  >\n\tAccueil Millenium \t<\/a>\n<\/div>        <\/div>\n    <\/div>\n<\/section>\n<section class=\"section swatch-white  section-text-no-shadow section-inner-no-shadow section-normal section-opaque\"  data-label=\"\">\n    \n    <div class=\"background-overlay grid-overlay-0 \" style=\"background-color: rgba(0,0,0,0);\"><\/div>\n\n    <div class=\"container\">\n        <div class=\"row vertical-top\">\n            <div class=\"col-md-12     text-default small-screen-default\"  ><\/div>        <\/div>\n    <\/div>\n<\/section>\n","protected":false},"excerpt":{"rendered":"Accueil Services Impressions Film perfor\u00e9 Grand format Papeterie Lettrage Lettrage de v\u00e9hicules Autocollant Affiches Design &#038; Cr\u00e9ation Concept Logo Service de PHOTOGRAPHIE Cin\u00e9ma &#038; D\u00e9cors Nous joindre Nous joindre MILLENIUM LETTRAGE Si vous ne recevez pas de r\u00e9ponse dans les prochaines 24h Communiquez directement avec nous 3237 Cl\u00e9mence-Sabatt\u00e9, Chambly, QC, J3L 6Y5 450.447.6207 millenium@videotron.ca Formulaire","protected":false},"author":1,"featured_media":0,"parent":0,"menu_order":0,"comment_status":"open","ping_status":"open","template":"","meta":{"_bbp_topic_count":0,"_bbp_reply_count":0,"_bbp_total_topic_count":0,"_bbp_total_reply_count":0,"_bbp_voice_count":0,"_bbp_anonymous_reply_count":0,"_bbp_topic_count_hidden":0,"_bbp_reply_count_hidden":0,"_bbp_forum_subforum_count":0,"footnotes":""},"_links":{"self":[{"href":"https:\/\/milleniumlettrage.com\/fr\/wp-json\/wp\/v2\/pages\/431"}],"collection":[{"href":"https:\/\/milleniumlettrage.com\/fr\/wp-json\/wp\/v2\/pages"}],"about":[{"href":"https:\/\/milleniumlettrage.com\/fr\/wp-json\/wp\/v2\/types\/page"}],"author":[{"embeddable":true,"href":"https:\/\/milleniumlettrage.com\/fr\/wp-json\/wp\/v2\/users\/1"}],"replies":[{"embeddable":true,"href":"https:\/\/milleniumlettrage.com\/fr\/wp-json\/wp\/v2\/comments?post=431"}],"version-history":[{"count":24,"href":"https:\/\/milleniumlettrage.com\/fr\/wp-json\/wp\/v2\/pages\/431\/revisions"}],"predecessor-version":[{"id":1834,"href":"https:\/\/milleniumlettrage.com\/fr\/wp-json\/wp\/v2\/pages\/431\/revisions\/1834"}],"wp:attachment":[{"href":"https:\/\/milleniumlettrage.com\/fr\/wp-json\/wp\/v2\/media?parent=431"}],"curies":[{"name":"wp","href":"https:\/\/api.w.org\/{rel}","templated":true}]}}